{"id":26,"date":"2020-05-07T14:07:08","date_gmt":"2020-05-07T14:07:08","guid":{"rendered":"http:\/\/clima-center.cl\/index.php\/materialis\/"},"modified":"2020-05-08T20:57:12","modified_gmt":"2020-05-08T20:57:12","slug":"materialis","status":"publish","type":"page","link":"https:\/\/clima-center.cl\/","title":{"rendered":"Inicio"},"content":{"rendered":"<div  id=\"overlappable-8\" style=\"background-color: #f5fafd;\" data-label=\"Overlappable\" data-id=\"overlappable-5-materialis\" data-export-id=\"overlappable-5-materialis\" data-category=\"overlappable\" class=\"overlappable-5-materialis content-section content-section-spacing-large\" data-overlap=\"true\"><div  class=\"gridContainer\"> <div  data-type=\"row\" class=\"row spaced-cols \"><div  class=\"col-xs-12 col-sm-6 col-md-4 \"> <div  class=\"card mdc-elevation--z3 row-card\"><div  class=\"row\"> <div  class=\"col-xs-12 col-sm-fit icon-col\" data-fixed=\"true\"><i  class=\"color1 icon mdi mdi-home-account reverse round big\"><\/i><\/div> <div  class=\"col-xs-12 col-sm\" data-type=\"column\"><h4  class=\"color-black\">Objetivos<\/h4> <p  class=\"\">Apoyar t\u00e9cnicamente a nuestros clientes, desarrollando sistemas de soportes de climatizaci\u00f3n, acorde con las necesidades espec\u00edficas de cada uno de ellos, y proyectando mayor eficiencia en cada proyecto de climatizaci\u00f3n.<\/p><\/div> <\/div><\/div> <\/div> <div  class=\"col-xs-12 col-sm-6 col-md-4 \"> <div  class=\"card mdc-elevation--z3 row-card\"> <div  class=\"row\"> <div  class=\"col-xs-12 col-sm-fit icon-col\" data-fixed=\"true\"> <i  class=\"color1 icon mdi mdi-account-multiple-plus reverse round big\"><\/i><\/div> <div  class=\"col-xs-12 col-sm\" data-type=\"column\"><h4  class=\"color-black\">Profesionales<\/h4> <p  class=\"\">Ponemos a disposici\u00f3n, profesionales con una s\u00f3lida formaci\u00f3n acad\u00e9mica, entre los cuales se encuentran Ingeniero en Refrigeraci\u00f3n y Climatizaci\u00f3n.<\/p><\/div> <\/div><\/div> <\/div> <div  class=\"col-xs-12 col-sm-6 col-md-4 \"> <div  class=\"card mdc-elevation--z3 row-card\"> <div  class=\"row\"> <div  class=\"col-xs-12 col-sm-fit icon-col\" data-fixed=\"true\"> <i  class=\"color1 icon mdi mdi-approval reverse round big\"><\/i><\/div> <div  class=\"col-xs-12 col-sm\" data-type=\"column\"><h4  class=\"color-black\">Experiencia<\/h4> <p  class=\"\">Tercera generaci\u00f3n en refrigeraci\u00f3n y climatizaci\u00f3n, con una experiencia de m\u00e1s de 25 a\u00f1os en el rubro. Equipo tecnol\u00f3gico de apoyo,  Personal de Seguridad en el desempe\u00f1o del trabajo en terreno.<\/p><\/div> <\/div><\/div> <\/div><\/div> <\/div><\/div><div  id=\"about-6\" style=\"background-color: #f5fafd;\" data-label=\"About\" data-id=\"about-4\" data-export-id=\"about-4\" data-category=\"about\" class=\"about-4 content-section content-section-spacing-large\"><div  class=\"\"> <div  class=\"row middle-sm text-center\"><div  class=\"col-sm-5 space-bottom-xs\" data-type=\"column\"> <h5  class=\"\">Instalaci\u00f3n &amp; Mantenci\u00f3n <\/h5> <h2  class=\"\">Profesionales  <br > <span  style=\"font-family: Playfair Display,sans-serif; font-weight: 700; font-style: italic;\" href=\"#\">a su disposici\u00f3n<\/span><\/h2> <p  class=\"\">En el \u00e1rea de instalaci\u00f3n constamos con herramientas de alta calidad y personas competente para el desempe\u00f1o de cada instalaci\u00f3n de aire acondicionado, seg\u00fan la necesidad del cliente y recinto a climatizar.  La mantenci\u00f3n de sus equipos es fundamental, para esto nuestra empresa cuenta con personal t\u00e9cnico especializado para mantenci\u00f3n de distintos equipos de aire acondicionado. Contamos con suministros y productos qu\u00edmicos de alta gama, ecol\u00f3gicos e inocuos para el ser humando, cumpliendo as\u00ed las normas medioambientales vigentes <\/p> <\/div> <div  class=\"col-sm-7 flexbox center-xs middle-xs image-group-2-img padding-top-bottom\"> <img decoding=\"async\"  class=\"img-1 rounded mdc-elevation--z10\" data-size=\"250x200\" src=\"http:\/\/clima-center.cl\/wp-content\/uploads\/2020\/05\/cropped-instalacion-aire-acondicionado-300x257-1.jpg\"> <img decoding=\"async\"  class=\"img-2 rounded mdc-elevation--z10\" data-size=\"220x170\" src=\"http:\/\/clima-center.cl\/wp-content\/uploads\/2020\/05\/cropped-cropped-mantencion-clima-center-aire-acondicionado-1.jpg\"><\/div> <\/div><\/div> <\/div><div  id=\"content-24\" style=\"background-color: #f5fafd;\" data-label=\"Content\" data-id=\"content-7-materialis\" data-export-id=\"content-7-materialis\" data-category=\"content\" class=\"content-7m content-section-spacing-large content-section\"><div  class=\"gridContainer\"> <div  class=\"row middle-sm\"><div  class=\"col-md-6 col-xs-12 col-sm-6 col-padding-small-xs\"> <img decoding=\"async\"  class=\"mdc-elevation--z13 img-rounded\" src=\"http:\/\/clima-center.cl\/wp-content\/uploads\/2020\/05\/cropped-asesoria-tecnica-clima-center.jpg\"><\/div> <div  class=\"col-md-5 col-md-offset-1 col-xs-12 col-sm-6 content-left-sm col-padding-small-xs\" data-type=\"column\"><h6  class=\"upper\">REPARACI\u00d3N DE EQUIPOS<\/h6> <h3  class=\"space-bottom\">Asesoria Tecnica&nbsp;<\/h3> <p  class=\"space-top\">Disponemos de un amplio stock en repuestos de diversas marcas nacionales. Asesoria t\u00e9cnica de profesionales calificados para todo equipo de climatizaci\u00f3n.para todo equipo de climatizaci\u00f3n.<\/p> <\/div> <\/div><\/div> <\/div><div  data-label=\"Clients\" data-id=\"clients--2\" data-export-id=\"clients-2\" data-category=\"clients\" class=\"clients-2 content-section content-section-spacing-large\" id=\"clients-2\" style=\"background-color: rgb(245, 250, 253);\"><div  class=\"gridContainer\"> <div  class=\"row\"><div  class=\"section-title-col\" data-type=\"column\"> <h2  class=\"font-700\">Clientes Clima Center<\/h2> <img decoding=\"async\"  class=\"custom-image\" src=\"http:\/\/clima-center.cl\/wp-content\/uploads\/2020\/05\/cropped-empresas-clima-center-768x106.jpg\"><\/div> <\/div> <div  class=\"row center-xs spaced-cols middle-sm\" data-type=\"row\"> <div  class=\"col-xs-6 col-sm-3\"> <\/div>    <\/div><\/div> <\/div><!-- CloudPress Companion Preview Data START --><div  data-label=\"Features\" data-id=\"features--1\" data-export-id=\"features-16\" data-category=\"features\" class=\"features-16 content-section content-section-spacing-large\" id=\"features-1\" style=\"background-color: rgb(255, 255, 255);\"><div  class=\"gridContainer\"> <div  class=\"row text-center\"><div  class=\"section-title-col\" data-type=\"column\"> <h2  class=\"\">S U M I N I S T R O  D E  E Q U I P O S C L I M A \u2013 C E N T E R&nbsp;<\/h2> <img decoding=\"async\"  class=\"custom-image\" src=\"http:\/\/clima-center.cl\/wp-content\/uploads\/2020\/05\/01-productos-copia.png\"><h1  class=\"\"><\/h1><h2  class=\"\" style=\"margin-top: 1.5rem; margin-bottom: 16px; letter-spacing: normal;\">Importantes Marcas =<br >Excelentes Productos<\/h2><img decoding=\"async\"  class=\"custom-image\" src=\"http:\/\/clima-center.cl\/wp-content\/uploads\/2020\/05\/cropped-02-productos-copia-1.png\"><p  class=\"\"><span  style=\"font-size: 17.6px;\">Somos distribuidores de equipos de aire acondicionado de marcas consolidadas en el<\/span><br  style=\"font-size: 17.6px;\"><span  style=\"font-size: 17.6px;\">mercado chileno de uso comercial, industrial y domiciliario.Somos distribuidores de equipos de aire acondicionado de marcas consolidadas en el<\/span><br  style=\"font-size: 17.6px;\"><span  style=\"font-size: 17.6px;\">mercado chileno de uso comercial, industrial y domiciliario.&nbsp;&nbsp;<\/span><\/p><\/div> <\/div> <div  class=\"row spaced-cols\" data-type=\"row\"> <div  class=\"col-xs-12 col-sm-6 col-md-4 space-bottom\"> <img decoding=\"async\"  class=\"face mdc-elevation--z3\" src=\"http:\/\/clima-center.cl\/wp-content\/uploads\/2020\/05\/cropped-01.jpg\"> <div  data-type=\"column\" class=\"col-padding-small col-padding-small-xs description-container\">   <\/div> <\/div> <div  class=\"col-xs-12 col-sm-6 col-md-4 space-bottom\"> <img decoding=\"async\"  class=\"face mdc-elevation--z3\" src=\"http:\/\/clima-center.cl\/wp-content\/uploads\/2020\/05\/cropped-cassette-clark-copia.jpg\"> <div  data-type=\"column\" class=\"col-padding-small col-padding-small-xs description-container\">   <\/div> <\/div> <div  class=\"col-xs-12 col-sm-6 col-md-4 space-bottom\"> <img decoding=\"async\"  class=\"face mdc-elevation--z3\" src=\"http:\/\/clima-center.cl\/wp-content\/uploads\/2020\/05\/cropped-clark-equipo-copia.jpg\"> <div  data-type=\"column\" class=\"col-padding-small col-padding-small-xs description-container\">   <\/div> <\/div><\/div> <\/div><\/div><div  data-label=\"Contact\" data-id=\"contact--1\" data-export-id=\"contact-1\" data-category=\"contact\" class=\"contact-1 content-section content-section-spacing-large content-relative white-text\" data-parallax-depth=\"20\" id=\"contact-1\" style=\"background-color: rgb(245, 250, 253);\"><div  class=\"gridContainer\"> <div  class=\"row text-center\"><div  class=\"section-title-col\" data-type=\"column\"> <h2  class=\"\">Contactanos &amp; Cotiza<\/h2> <p  class=\"lead\">Escribenos y en breve responderemosEscribenos y en breve responderemos<\/p><\/div> <\/div> <div  class=\"row text-center\"> <div  class=\"col-xs-12 col-sm-8 col-sm-offset-2 contact-form-wrapper inline-info\"> <div  class=\"card mdc-elevation--z3 col-padding-top\"> <div  class=\"dark-text\" data-content-shortcode=\"materialis_contact_form shortcode=&quot;contact-form-7 id=&amp;amp;quot;76&amp;amp;quot; title=&amp;amp;quot;Contact form 1&amp;amp;quot;&quot;\" data-editable=\"true\"><div role=\"form\" class=\"wpcf7\" id=\"wpcf7-f76-o1\" lang=\"en-US\" dir=\"ltr\">\n<div class=\"screen-reader-response\"><\/div>\n<form action=\"\/index.php\/wp-json\/wp\/v2\/pages\/26#wpcf7-f76-o1\" method=\"post\" class=\"wpcf7-form\" novalidate=\"novalidate\">\n<div style=\"display: none;\">\n<input type=\"hidden\" name=\"_wpcf7\" value=\"76\" \/>\n<input type=\"hidden\" name=\"_wpcf7_version\" value=\"5.1.7\" \/>\n<input type=\"hidden\" name=\"_wpcf7_locale\" value=\"en_US\" \/>\n<input type=\"hidden\" name=\"_wpcf7_unit_tag\" value=\"wpcf7-f76-o1\" \/>\n<input type=\"hidden\" name=\"_wpcf7_container_post\" value=\"0\" \/>\n<\/div>\n<p><label> Nombre (Requerido)<br \/>\n    <span class=\"wpcf7-form-control-wrap your-name\"><input type=\"text\" name=\"your-name\" value=\"\" size=\"40\" class=\"wpcf7-form-control wpcf7-text wpcf7-validates-as-required\" aria-required=\"true\" aria-invalid=\"false\" \/><\/span> <\/label><\/p>\n<p><label> Email (Requerido)<br \/>\n    <span class=\"wpcf7-form-control-wrap your-email\"><input type=\"email\" name=\"your-email\" value=\"\" size=\"40\" class=\"wpcf7-form-control wpcf7-text wpcf7-email wpcf7-validates-as-required wpcf7-validates-as-email\" aria-required=\"true\" aria-invalid=\"false\" \/><\/span> <\/label><\/p>\n<p><label> Asunto<br \/>\n    <span class=\"wpcf7-form-control-wrap your-subject\"><input type=\"text\" name=\"your-subject\" value=\"\" size=\"40\" class=\"wpcf7-form-control wpcf7-text\" aria-invalid=\"false\" \/><\/span> <\/label><\/p>\n<p><label> Mensaje<br \/>\n    <span class=\"wpcf7-form-control-wrap your-message\"><textarea name=\"your-message\" cols=\"40\" rows=\"10\" class=\"wpcf7-form-control wpcf7-textarea\" aria-invalid=\"false\"><\/textarea><\/span> <\/label><\/p>\n<p><input type=\"submit\" value=\"Enviar\" class=\"wpcf7-form-control wpcf7-submit\" \/><\/p>\n<div class=\"wpcf7-response-output wpcf7-display-none\"><\/div><\/form><\/div><\/div><\/div> <\/div><\/div> <\/div><\/div>","protected":false},"excerpt":{"rendered":"","protected":false},"author":1,"featured_media":0,"parent":0,"menu_order":0,"comment_status":"closed","ping_status":"closed","template":"page-templates\/homepage.php","meta":[],"_links":{"self":[{"href":"https:\/\/clima-center.cl\/index.php\/wp-json\/wp\/v2\/pages\/26"}],"collection":[{"href":"https:\/\/clima-center.cl\/index.php\/wp-json\/wp\/v2\/pages"}],"about":[{"href":"https:\/\/clima-center.cl\/index.php\/wp-json\/wp\/v2\/types\/page"}],"author":[{"embeddable":true,"href":"https:\/\/clima-center.cl\/index.php\/wp-json\/wp\/v2\/users\/1"}],"replies":[{"embeddable":true,"href":"https:\/\/clima-center.cl\/index.php\/wp-json\/wp\/v2\/comments?post=26"}],"version-history":[{"count":14,"href":"https:\/\/clima-center.cl\/index.php\/wp-json\/wp\/v2\/pages\/26\/revisions"}],"predecessor-version":[{"id":85,"href":"https:\/\/clima-center.cl\/index.php\/wp-json\/wp\/v2\/pages\/26\/revisions\/85"}],"wp:attachment":[{"href":"https:\/\/clima-center.cl\/index.php\/wp-json\/wp\/v2\/media?parent=26"}],"curies":[{"name":"wp","href":"https:\/\/api.w.org\/{rel}","templated":true}]}}